{"id":5150,"date":"2024-09-22T10:55:13","date_gmt":"2024-09-22T08:55:13","guid":{"rendered":"https:\/\/mazzika-orchestra.com\/rejoignez-nous\/"},"modified":"2024-09-22T16:56:08","modified_gmt":"2024-09-22T14:56:08","slug":"rejoignez-nous","status":"publish","type":"page","link":"https:\/\/mazzika-orchestra.com\/fr\/rejoignez-nous\/","title":{"rendered":"Rejoignez-nous"},"content":{"rendered":"<section class=\"wpb-content-wrapper\"><p>[vc_row iron_row_type=\u00a0\u00bbin_container\u00a0\u00bb iron_remove_padding_medium=\u00a0\u00bb\u00a0\u00bb iron_remove_padding_small=\u00a0\u00bb\u00a0\u00bb iron_overlay_pattern=\u00a0\u00bb\u00a0\u00bb iron_parallax=\u00a0\u00bb\u00a0\u00bb iron_bg_video=\u00a0\u00bb\u00a0\u00bb][vc_column][vc_column_text]<strong>Rejoignez notre orchestre !<\/strong><\/p>\r\n<p style=\"text-align: center;\"><!-- \/wp:post-content --><\/p>\r\n<p><!-- wp:paragraph --><\/p>\r\n<p>Vous \u00eates passionn\u00e9 par la musique ? \u00cates-vous pr\u00eat \u00e0 rejoindre une communaut\u00e9 o\u00f9 la cr\u00e9ativit\u00e9 et la collaboration m\u00e8nent \u00e0 la brillance artistique ? C&rsquo;est le moment ou jamais !<\/p>\r\n<p style=\"text-align: center;\"><!-- \/wp:paragraph --><\/p>\r\n<p><!-- wp:paragraph --><\/p>\r\n<p>Nous invitons les musiciens et d&rsquo;autres personnes talentueuses (coordinateurs, sp\u00e9cialistes des r\u00e9seaux sociaux, professionnels de la presse, etc.) \u00e0 faire partie de notre \u00e9quipe. Ensemble, nous allons non seulement cr\u00e9er une musique extraordinaire, mais aussi offrir des spectacles inoubliables, en partageant notre passion avec des publics du monde entier.<\/p>\r\n<p style=\"text-align: center;\"><!-- \/wp:paragraph --><\/p>\r\n<p><!-- wp:paragraph --><\/p>\r\n<ul class=\"wp-block-list\">\r\n<li style=\"list-style-type: none;\">\u00a0<\/li>\r\n<\/ul>\r\n<p>[\/vc_column_text][\/vc_column][\/vc_row][vc_row iron_row_type=\u00a0\u00bbin_container\u00a0\u00bb iron_remove_padding_medium=\u00a0\u00bb\u00a0\u00bb iron_remove_padding_small=\u00a0\u00bb\u00a0\u00bb iron_overlay_pattern=\u00a0\u00bb\u00a0\u00bb iron_parallax=\u00a0\u00bb\u00a0\u00bb iron_bg_video=\u00a0\u00bb\u00a0\u00bb][vc_column]<style id=\"wpforms-css-vars-5139\">\n\t\t\t\t#wpforms-5139 {\n\t\t\t\t\n\t\t\t}\n\t\t\t<\/style><div class=\"wpforms-container wpforms-container-full wpforms-render-modern\" id=\"wpforms-5139\"><form id=\"wpforms-form-5139\" class=\"wpforms-validate wpforms-form wpforms-ajax-form\" data-formid=\"5139\" method=\"post\" enctype=\"multipart\/form-data\" action=\"\/fr\/wp-json\/wp\/v2\/pages\/5150\" data-token=\"c2117933d0f4f6920661f7975d17d0af\" data-token-time=\"1777399559\"><noscript class=\"wpforms-error-noscript\">Veuillez activer JavaScript dans votre navigateur pour remplir ce formulaire.<\/noscript><div id=\"wpforms-error-noscript\" style=\"display: none;\">Veuillez activer JavaScript dans votre navigateur pour remplir ce formulaire.<\/div><div class=\"wpforms-field-container\"><div id=\"wpforms-5139-field_4-container\" class=\"wpforms-field wpforms-field-name\" data-field-id=\"4\"><fieldset><legend class=\"wpforms-field-label\">Name <span class=\"wpforms-required-label\" aria-hidden=\"true\">*<\/span><\/legend><div class=\"wpforms-field-row wpforms-field-medium\"><div class=\"wpforms-field-row-block wpforms-first wpforms-one-half\"><input type=\"text\" id=\"wpforms-5139-field_4\" class=\"wpforms-field-name-first wpforms-field-required\" name=\"wpforms[fields][4][first]\" aria-errormessage=\"wpforms-5139-field_4-error\" required><label for=\"wpforms-5139-field_4\" class=\"wpforms-field-sublabel after\">First<\/label><\/div><div class=\"wpforms-field-row-block wpforms-one-half\"><input type=\"text\" id=\"wpforms-5139-field_4-last\" class=\"wpforms-field-name-last wpforms-field-required\" name=\"wpforms[fields][4][last]\" aria-errormessage=\"wpforms-5139-field_4-last-error\" required><label for=\"wpforms-5139-field_4-last\" class=\"wpforms-field-sublabel after\">Last<\/label><\/div><\/div><\/fieldset><\/div>\t\t<div id=\"wpforms-5139-field_1-container\"\n\t\t\tclass=\"wpforms-field wpforms-field-text\"\n\t\t\tdata-field-type=\"text\"\n\t\t\tdata-field-id=\"1\"\n\t\t\t>\n\t\t\t<label class=\"wpforms-field-label\" for=\"wpforms-5139-field_1\" >Shcool Telephone Music<\/label>\n\t\t\t<input type=\"text\" id=\"wpforms-5139-field_1\" class=\"wpforms-field-medium\" name=\"wpforms[fields][1]\" >\n\t\t<\/div>\n\t\t<div id=\"wpforms-5139-field_5-container\" class=\"wpforms-field wpforms-field-radio wpforms-list-inline\" data-field-id=\"5\"><fieldset><legend class=\"wpforms-field-label\">Age <span class=\"wpforms-required-label\" aria-hidden=\"true\">*<\/span><\/legend><ul id=\"wpforms-5139-field_5\" class=\"wpforms-field-required\"><li class=\"choice-1 depth-1\"><input type=\"radio\" id=\"wpforms-5139-field_5_1\" name=\"wpforms[fields][5]\" value=\"18-30\" aria-errormessage=\"wpforms-5139-field_5_1-error\" required ><label class=\"wpforms-field-label-inline\" for=\"wpforms-5139-field_5_1\">18-30<\/label><\/li><li class=\"choice-2 depth-1\"><input type=\"radio\" id=\"wpforms-5139-field_5_2\" name=\"wpforms[fields][5]\" value=\"30-40\" aria-errormessage=\"wpforms-5139-field_5_2-error\" required ><label class=\"wpforms-field-label-inline\" for=\"wpforms-5139-field_5_2\">30-40<\/label><\/li><li class=\"choice-3 depth-1\"><input type=\"radio\" id=\"wpforms-5139-field_5_3\" name=\"wpforms[fields][5]\" value=\"40-50\" aria-errormessage=\"wpforms-5139-field_5_3-error\" required ><label class=\"wpforms-field-label-inline\" for=\"wpforms-5139-field_5_3\">40-50<\/label><\/li><li class=\"choice-4 depth-1\"><input type=\"radio\" id=\"wpforms-5139-field_5_4\" name=\"wpforms[fields][5]\" value=\"&gt;50\" aria-errormessage=\"wpforms-5139-field_5_4-error\" required ><label class=\"wpforms-field-label-inline\" for=\"wpforms-5139-field_5_4\">&gt;50<\/label><\/li><\/ul><\/fieldset><\/div><div id=\"wpforms-5139-field_8-container\" class=\"wpforms-field wpforms-field-radio wpforms-list-inline\" data-field-id=\"8\"><fieldset><legend class=\"wpforms-field-label\">Domain <span class=\"wpforms-required-label\" aria-hidden=\"true\">*<\/span><\/legend><ul id=\"wpforms-5139-field_8\" class=\"wpforms-field-required\"><li class=\"choice-1 depth-1\"><input type=\"radio\" id=\"wpforms-5139-field_8_1\" name=\"wpforms[fields][8]\" value=\"Musician\" aria-errormessage=\"wpforms-5139-field_8_1-error\" required ><label class=\"wpforms-field-label-inline\" for=\"wpforms-5139-field_8_1\">Musician<\/label><\/li><li class=\"choice-2 depth-1\"><input type=\"radio\" id=\"wpforms-5139-field_8_2\" name=\"wpforms[fields][8]\" value=\"Vocal\" aria-errormessage=\"wpforms-5139-field_8_2-error\" required ><label class=\"wpforms-field-label-inline\" for=\"wpforms-5139-field_8_2\">Vocal<\/label><\/li><li class=\"choice-3 depth-1\"><input type=\"radio\" id=\"wpforms-5139-field_8_3\" name=\"wpforms[fields][8]\" value=\"Other\" aria-errormessage=\"wpforms-5139-field_8_3-error\" required ><label class=\"wpforms-field-label-inline\" for=\"wpforms-5139-field_8_3\">Other<\/label><\/li><\/ul><\/fieldset><\/div><div id=\"wpforms-5139-field_10-container\" class=\"wpforms-field wpforms-field-text\" data-field-id=\"10\"><label class=\"wpforms-field-label\" for=\"wpforms-5139-field_10\">Music Shcool and last Diploma <span class=\"wpforms-required-label\" aria-hidden=\"true\">*<\/span><\/label><input type=\"text\" id=\"wpforms-5139-field_10\" class=\"wpforms-field-medium wpforms-field-required\" name=\"wpforms[fields][10]\" aria-errormessage=\"wpforms-5139-field_10-error\" required><\/div><div id=\"wpforms-5139-field_6-container\" class=\"wpforms-field wpforms-field-email\" data-field-id=\"6\"><fieldset><legend class=\"wpforms-field-label\">Email <span class=\"wpforms-required-label\" aria-hidden=\"true\">*<\/span><\/legend><div class=\"wpforms-field-row wpforms-field-medium\"><div class=\"wpforms-field-row-block wpforms-one-half wpforms-first\"><input type=\"email\" id=\"wpforms-5139-field_6\" class=\"wpforms-field-required wpforms-field-email-primary\" name=\"wpforms[fields][6][primary]\" spellcheck=\"false\" aria-errormessage=\"wpforms-5139-field_6-error\" required><label for=\"wpforms-5139-field_6\" class=\"wpforms-field-sublabel after\">E-mail<\/label><\/div><div class=\"wpforms-field-row-block wpforms-one-half\"><input type=\"email\" id=\"wpforms-5139-field_6-secondary\" class=\"wpforms-field-email-secondary wpforms-field-required\" data-rule-confirm=\"#wpforms-5139-field_6\" name=\"wpforms[fields][6][secondary]\" spellcheck=\"false\" aria-errormessage=\"wpforms-5139-field_6-secondary-error\" required><label for=\"wpforms-5139-field_6-secondary\" class=\"wpforms-field-sublabel after\">Confirmez l\u2019e-mail<\/label><\/div><\/div><\/fieldset><\/div><div id=\"wpforms-5139-field_7-container\" class=\"wpforms-field wpforms-field-number\" data-field-id=\"7\"><label class=\"wpforms-field-label\" for=\"wpforms-5139-field_7\">Telephone <span class=\"wpforms-required-label\" aria-hidden=\"true\">*<\/span><\/label><input type=\"number\" id=\"wpforms-5139-field_7\" class=\"wpforms-field-medium wpforms-field-required\" name=\"wpforms[fields][7]\" step=\"any\" aria-errormessage=\"wpforms-5139-field_7-error\" required><\/div><div id=\"wpforms-5139-field_9-container\" class=\"wpforms-field wpforms-field-radio wpforms-list-inline\" data-field-id=\"9\"><fieldset><legend class=\"wpforms-field-label\">Experience <span class=\"wpforms-required-label\" aria-hidden=\"true\">*<\/span><\/legend><ul id=\"wpforms-5139-field_9\" class=\"wpforms-field-required\"><li class=\"choice-1 depth-1\"><input type=\"radio\" id=\"wpforms-5139-field_9_1\" name=\"wpforms[fields][9]\" value=\"Professionnal\" aria-errormessage=\"wpforms-5139-field_9_1-error\" aria-describedby=\"wpforms-5139-field_9-description\" required ><label class=\"wpforms-field-label-inline\" for=\"wpforms-5139-field_9_1\">Professionnal<\/label><\/li><li class=\"choice-2 depth-1\"><input type=\"radio\" id=\"wpforms-5139-field_9_2\" name=\"wpforms[fields][9]\" value=\"Known Artists\" aria-errormessage=\"wpforms-5139-field_9_2-error\" aria-describedby=\"wpforms-5139-field_9-description\" required ><label class=\"wpforms-field-label-inline\" for=\"wpforms-5139-field_9_2\">Known Artists<\/label><\/li><\/ul><div id=\"wpforms-5139-field_9-description\" class=\"wpforms-field-description\">Only advanced musicians with a senior experience and known artists will be considered at this time<\/div><\/fieldset><\/div><script>\n\t\t\t\t( function() {\n\t\t\t\t\tconst style = document.createElement( 'style' );\n\t\t\t\t\tstyle.appendChild( document.createTextNode( '#wpforms-5139-field_1-container { position: absolute !important; overflow: hidden !important; display: inline !important; height: 1px !important; width: 1px !important; z-index: -1000 !important; padding: 0 !important; } #wpforms-5139-field_1-container input { visibility: hidden; } #wpforms-conversational-form-page #wpforms-5139-field_1-container label { counter-increment: none; }' ) );\n\t\t\t\t\tdocument.head.appendChild( style );\n\t\t\t\t\tdocument.currentScript?.remove();\n\t\t\t\t} )();\n\t\t\t<\/script><\/div><!-- .wpforms-field-container --><div class=\"wpforms-submit-container\" ><input type=\"hidden\" name=\"wpforms[id]\" value=\"5139\"><input type=\"hidden\" name=\"page_title\" value=\"\"><input type=\"hidden\" name=\"page_url\" value=\"https:\/\/mazzika-orchestra.com\/fr\/wp-json\/wp\/v2\/pages\/5150\"><input type=\"hidden\" name=\"url_referer\" value=\"\"><button type=\"submit\" name=\"wpforms[submit]\" id=\"wpforms-submit-5139\" class=\"wpforms-submit\" data-alt-text=\"Sending...\" data-submit-text=\"Submit\" aria-live=\"assertive\" value=\"wpforms-submit\">Submit<\/button><img loading=\"lazy\" decoding=\"async\" src=\"https:\/\/mazzika-orchestra.com\/wp-content\/plugins\/wpforms-lite\/assets\/images\/submit-spin.svg\" class=\"wpforms-submit-spinner\" style=\"display: none;\" width=\"26\" height=\"26\" alt=\"Chargement en cours\"><\/div><\/form><\/div>  <!-- .wpforms-container -->[\/vc_column][\/vc_row]<\/p><\/section>","protected":false},"excerpt":{"rendered":"<p>[vc_row iron_row_type=\u00a0\u00bbin_container\u00a0\u00bb iron_remove_padding_medium=\u00a0\u00bb\u00a0\u00bb iron_remove_padding_small=\u00a0\u00bb\u00a0\u00bb iron_overlay_pattern=\u00a0\u00bb\u00a0\u00bb iron_parallax=\u00a0\u00bb\u00a0\u00bb iron_bg_video=\u00a0\u00bb\u00a0\u00bb][vc_column][vc_column_text]Rejoignez notre orchestre ! Vous \u00eates passionn\u00e9 par la musique ? \u00cates-vous pr\u00eat \u00e0 [&hellip;]<\/p>\n","protected":false},"author":1,"featured_media":0,"parent":0,"menu_order":0,"comment_status":"closed","ping_status":"closed","template":"","meta":{"_monsterinsights_skip_tracking":false,"_monsterinsights_sitenote_active":false,"_monsterinsights_sitenote_note":"","_monsterinsights_sitenote_category":0,"_uf_show_specific_survey":0,"_uf_disable_surveys":false,"footnotes":""},"class_list":["post-5150","page","type-page","status-publish","hentry"],"aioseo_notices":[],"_links":{"self":[{"href":"https:\/\/mazzika-orchestra.com\/fr\/wp-json\/wp\/v2\/pages\/5150","targetHints":{"allow":["GET"]}}],"collection":[{"href":"https:\/\/mazzika-orchestra.com\/fr\/wp-json\/wp\/v2\/pages"}],"about":[{"href":"https:\/\/mazzika-orchestra.com\/fr\/wp-json\/wp\/v2\/types\/page"}],"author":[{"embeddable":true,"href":"https:\/\/mazzika-orchestra.com\/fr\/wp-json\/wp\/v2\/users\/1"}],"replies":[{"embeddable":true,"href":"https:\/\/mazzika-orchestra.com\/fr\/wp-json\/wp\/v2\/comments?post=5150"}],"version-history":[{"count":3,"href":"https:\/\/mazzika-orchestra.com\/fr\/wp-json\/wp\/v2\/pages\/5150\/revisions"}],"predecessor-version":[{"id":5154,"href":"https:\/\/mazzika-orchestra.com\/fr\/wp-json\/wp\/v2\/pages\/5150\/revisions\/5154"}],"wp:attachment":[{"href":"https:\/\/mazzika-orchestra.com\/fr\/wp-json\/wp\/v2\/media?parent=5150"}],"curies":[{"name":"wp","href":"https:\/\/api.w.org\/{rel}","templated":true}]}}