{"id":4833,"date":"2024-02-22T16:10:36","date_gmt":"2024-02-22T15:10:36","guid":{"rendered":"https:\/\/mazzika-orchestra.com\/evenements-a-venir-2\/"},"modified":"2024-03-02T17:48:36","modified_gmt":"2024-03-02T16:48:36","slug":"evenements-a-venir-2","status":"publish","type":"page","link":"https:\/\/mazzika-orchestra.com\/fr\/evenements-a-venir-2\/","title":{"rendered":"\u00c9v\u00e9nements \u00e0 venir"},"content":{"rendered":"&#13;\n<h2 class=\"wp-block-heading has-text-align-center\">R\u00e9servez vos billets ici<\/h2>&#13;\n","protected":false},"excerpt":{"rendered":"<p>&#13; R\u00e9servez vos billets ici &#13;<\/p>\n","protected":false},"author":1,"featured_media":0,"parent":0,"menu_order":0,"comment_status":"closed","ping_status":"closed","template":"archive-event.php","meta":{"_monsterinsights_skip_tracking":false,"_monsterinsights_sitenote_active":false,"_monsterinsights_sitenote_note":"","_monsterinsights_sitenote_category":0,"_uf_show_specific_survey":0,"_uf_disable_surveys":false,"footnotes":""},"class_list":["post-4833","page","type-page","status-publish","hentry"],"aioseo_notices":[],"_links":{"self":[{"href":"https:\/\/mazzika-orchestra.com\/fr\/wp-json\/wp\/v2\/pages\/4833","targetHints":{"allow":["GET"]}}],"collection":[{"href":"https:\/\/mazzika-orchestra.com\/fr\/wp-json\/wp\/v2\/pages"}],"about":[{"href":"https:\/\/mazzika-orchestra.com\/fr\/wp-json\/wp\/v2\/types\/page"}],"author":[{"embeddable":true,"href":"https:\/\/mazzika-orchestra.com\/fr\/wp-json\/wp\/v2\/users\/1"}],"replies":[{"embeddable":true,"href":"https:\/\/mazzika-orchestra.com\/fr\/wp-json\/wp\/v2\/comments?post=4833"}],"version-history":[{"count":1,"href":"https:\/\/mazzika-orchestra.com\/fr\/wp-json\/wp\/v2\/pages\/4833\/revisions"}],"predecessor-version":[{"id":4840,"href":"https:\/\/mazzika-orchestra.com\/fr\/wp-json\/wp\/v2\/pages\/4833\/revisions\/4840"}],"wp:attachment":[{"href":"https:\/\/mazzika-orchestra.com\/fr\/wp-json\/wp\/v2\/media?parent=4833"}],"curies":[{"name":"wp","href":"https:\/\/api.w.org\/{rel}","templated":true}]}}