{"id":4832,"date":"2015-04-22T18:31:36","date_gmt":"2015-04-22T16:31:36","guid":{"rendered":"https:\/\/mazzika-orchestra.com\/a-propos-de\/"},"modified":"2025-01-28T11:42:03","modified_gmt":"2025-01-28T10:42:03","slug":"a-propos-de","status":"publish","type":"page","link":"https:\/\/mazzika-orchestra.com\/fr\/a-propos-de\/","title":{"rendered":"A Propos"},"content":{"rendered":"<section class=\"wpb-content-wrapper\"><p>[vc_row iron_row_type=\u00a0\u00bbfull_width\u00a0\u00bb iron_remove_padding_medium=\u00a0\u00bbtabletnopadding\u00a0\u00bb iron_remove_padding_small=\u00a0\u00bb\u00a0\u00bb iron_overlay_pattern=\u00a0\u00bb\u00a0\u00bb iron_parallax=\u00a0\u00bb\u00a0\u00bb iron_bg_video=\u00a0\u00bb\u00a0\u00bb][vc_column][vc_empty_space height=\u00a0\u00bb31px\u00a0\u00bb][vc_custom_heading text=\u00a0\u00bbMAZZIKA ORCHESTRA\u00a0\u00bb font_container=\u00a0\u00bbtag:h5|font_size:34px|text_align:center|color:%231f1f1f|line_height:34px\u00a0\u00bb google_fonts=\u00a0\u00bbfont_family:Raleway%3A100%2C200%2C300%2Cregular%2C500%2C600%2C700%2C800%2C900|font_style:300%20light%20regular%3A300%3Anormal\u00a0\u00bb el_class=\u00a0\u00bb.let_spac_5&Prime;][vc_empty_space height=\u00a0\u00bb6px\u00a0\u00bb][vc_custom_heading text=\u00a0\u00bbSOUS LA DIRECTION D&rsquo;AMAL GUERMAZI\u00a0\u00bb font_container=\u00a0\u00bbtag:h5|font_size:36px|text_align:center|color:%231f1f1f|line_height:36px\u00a0\u00bb google_fonts=\u00a0\u00bbfont_family:Raleway%3A100%2C200%2C300%2Cregular%2C500%2C600%2C700%2C800%2C900|font_style:800%20bold%20regular%3A800%3Anormal\u00a0\u00bb el_class=\u00a0\u00bb.let_spac_5&Prime;][vc_empty_space height=\u00a0\u00bb92px\u00a0\u00bb][\/vc_column][\/vc_row][vc_row iron_row_type=\u00a0\u00bbfull_width\u00a0\u00bb iron_remove_padding_medium=\u00a0\u00bb\u00a0\u00bb iron_remove_padding_small=\u00a0\u00bb\u00a0\u00bb iron_overlay_pattern=\u00a0\u00bb\u00a0\u00bb iron_parallax=\u00a0\u00bb\u00a0\u00bb iron_bg_video=\u00a0\u00bb\u00a0\u00bb css=\u00a0\u00bb.vc_custom_1429902248633{background-position: 0 0 !important;background-repeat: repeat !important;}\u00a0\u00bb][vc_column el_class=\u00a0\u00bb.desktopforcenopadding\u00a0\u00bb][vc_single_image image=\u00a0\u00bb4304&Prime; img_size=\u00a0\u00bbfull\u00a0\u00bb alignment=\u00a0\u00bbcenter\u00a0\u00bb][\/vc_column][\/vc_row][vc_row iron_row_type=\u00a0\u00bbfull_width\u00a0\u00bb iron_remove_padding_medium=\u00a0\u00bbtabletnopadding\u00a0\u00bb iron_remove_padding_small=\u00a0\u00bb\u00a0\u00bb iron_overlay_pattern=\u00a0\u00bb\u00a0\u00bb iron_parallax=\u00a0\u00bb\u00a0\u00bb iron_bg_video=\u00a0\u00bb\u00a0\u00bb css=\u00a0\u00bb.vc_custom_1429892612025{padding-right: 10px !important;padding-left: 10px !important;background-color: #f7f7f7 !important;}\u00a0\u00bb][vc_column][vc_row_inner][vc_column_inner][vc_empty_space height=\u00a0\u00bb81px\u00a0\u00bb][vc_custom_heading text=\u00a0\u00bb\u00a0\u00bb font_container=\u00a0\u00bbtag:h2|font_size:12px|text_align:left|color:%23000000|line_height:12px\u00a0\u00bb google_fonts=\u00a0\u00bbfont_family:Raleway%3A100%2C200%2C300%2Cregular%2C500%2C600%2C700%2C800%2C900|font_style:900%20bold%20regular%3A900%3Anormal\u00a0\u00bb css=\u00a0\u00bb.vc_custom_1709399258111{margin-bottom: -9px !important;}\u00a0\u00bb][vc_empty_space height=\u00a0\u00bb13px\u00a0\u00bb][vc_custom_heading text=\u00a0\u00bbUne passion sans fin pour la <i>musique<\/i>.<br \/>\npour la <i>d\u00e9couverte<\/i>, pour les <i>gens<\/i>, pour la <i>vie<\/i>.\u00a0\u00bb font_container=\u00a0\u00bbtag:h2|font_size:30px|text_align:left|color:%23000000|line_height:38px\u00a0\u00bb google_fonts=\u00a0\u00bbfont_family:Raleway%3A100%2C200%2C300%2Cregular%2C500%2C600%2C700%2C800%2C900|font_style:400%20regular%3A400%3Anormal\u00a0\u00bb][\/vc_column_inner][\/vc_row_inner][vc_empty_space height=\u00a0\u00bb19px\u00a0\u00bb][vc_row_inner gap=\u00a0\u00bb30&Prime;][vc_column_inner width=\u00a0\u00bb1\/2&Prime;][vc_column_text css=\u00a0\u00bb.vc_custom_1738059929555{margin-right: 4px !important;}\u00a0\u00bb]<\/p>\n<p style=\"text-align: left;\"><span style=\"color: #0b5394;\">L\u2019Orchestre Mazzika, premier orchestre arabe d\u2019Europe dirig\u00e9 par la violoniste et musicologue de renom Dr Amal Guermazi, redonne vie au patrimoine musical arabe avec une alliance harmonieuse d\u2019authenticit\u00e9 et de cr\u00e9ativit\u00e9 sur les sc\u00e8nes internationales.<\/span><\/p>\n<p style=\"text-align: left;\"><span lang=\"FR\"><span style=\"color: #0b5394;\">Sous la direction de Dr Guermazi, le Mazzika Orchestra a collabor\u00e9 avec plus de 25 artistes embl\u00e9matiques du Moyen-Orient et d\u2019Afrique du Nord, tels que Ramy Ayach, Sofia Sadek, Hamidou, et bien d\u2019autres, se produisant dans des lieux prestigieux pour c\u00e9l\u00e9brer la richesse et la diversit\u00e9 de la musique arabe.<\/span><\/span><\/p>\n<p>[\/vc_column_text][\/vc_column_inner][vc_column_inner width=\u00a0\u00bb1\/2&Prime;][vc_column_text css=\u00a0\u00bb.vc_custom_1738059912120{margin-left: 4px !important;}\u00a0\u00bb]<span lang=\"FR\"><span style=\"color: #0b5394;\">Gr\u00e2ce \u00e0 son expertise solide en th\u00e9orie musicale et en performance, Dr Guermazi apporte une pr\u00e9cision remarquable et une touche d\u2019innovation aux arrangements de l\u2019orchestre, proposant une relecture contemporaine des compositions classiques tout en respectant leurs profondes racines culturelles. Bas\u00e9 \u00e0 Paris, le Mazzika Orchestra incarne l\u2019excellence de la musique arabe en Europe et s\u2019impose comme une r\u00e9f\u00e9rence incontournable dans ce domaine.<\/span><\/span>[\/vc_column_text][\/vc_column_inner][\/vc_row_inner][\/vc_column][\/vc_row][vc_row iron_row_type=\u00a0\u00bbin_container\u00a0\u00bb iron_remove_padding_medium=\u00a0\u00bb\u00a0\u00bb iron_remove_padding_small=\u00a0\u00bb\u00a0\u00bb iron_overlay_pattern=\u00a0\u00bb\u00a0\u00bb iron_parallax=\u00a0\u00bb\u00a0\u00bb iron_bg_video=\u00a0\u00bb\u00a0\u00bb css=\u00a0\u00bb.vc_custom_1429199893577{padding-right: 8px !important;padding-left: 8px !important;}\u00a0\u00bb][vc_column][vc_custom_heading text=\u00a0\u00bb\u00c7A NE S&rsquo;ARR\u00caTERA JAMAIS\u00a0\u00bb font_container=\u00a0\u00bbtag:h2|font_size:12px|text_align:center|color:%231f1f1f|line_height:12px\u00a0\u00bb google_fonts=\u00a0\u00bbfont_family:Raleway%3A100%2C200%2C300%2Cregular%2C500%2C600%2C700%2C800%2C900|font_style:900%20bold%20regular%3A900%3Anormal\u00a0\u00bb css=\u00a0\u00bb.vc_custom_1429889274873{margin-bottom: -9px !important;}\u00a0\u00bb el_class=\u00a0\u00bb.costumespacing1&Prime;][vc_empty_space height=\u00a0\u00bb13px\u00a0\u00bb][vc_custom_heading text=\u00a0\u00bbLa passion ne meurt jamais. Elle se d\u00e9veloppe<br \/>\nchaque jour.\u00a0\u00bb font_container=\u00a0\u00bbtag:h2|font_size:30px|text_align:center|color:%231f1f1f|line_height:38px\u00a0\u00bb google_fonts=\u00a0\u00bbfont_family:Raleway%3A100%2C200%2C300%2Cregular%2C500%2C600%2C700%2C800%2C900|font_style:400%20regular%3A400%3Anormal\u00a0\u00bb el_class=\u00a0\u00bb.costumespacing1&Prime;][vc_empty_space height=\u00a0\u00bb20px\u00a0\u00bb][\/vc_column][\/vc_row]<\/p>\n<\/section>","protected":false},"excerpt":{"rendered":"<p>[vc_row iron_row_type=\u00a0\u00bbfull_width\u00a0\u00bb iron_remove_padding_medium=\u00a0\u00bbtabletnopadding\u00a0\u00bb iron_remove_padding_small=\u00a0\u00bb\u00a0\u00bb iron_overlay_pattern=\u00a0\u00bb\u00a0\u00bb iron_parallax=\u00a0\u00bb\u00a0\u00bb iron_bg_video=\u00a0\u00bb\u00a0\u00bb][vc_column][vc_empty_space height=\u00a0\u00bb31px\u00a0\u00bb][vc_custom_heading text=\u00a0\u00bbMAZZIKA ORCHESTRA\u00a0\u00bb font_container=\u00a0\u00bbtag:h5|font_size:34px|text_align:center|color:%231f1f1f|line_height:34px\u00a0\u00bb google_fonts=\u00a0\u00bbfont_family:Raleway%3A100%2C200%2C300%2Cregular%2C500%2C600%2C700%2C800%2C900|font_style:300%20light%20regular%3A300%3Anormal\u00a0\u00bb el_class=\u00a0\u00bb.let_spac_5&Prime;][vc_empty_space height=\u00a0\u00bb6px\u00a0\u00bb][vc_custom_heading text=\u00a0\u00bbSOUS LA DIRECTION D&rsquo;AMAL GUERMAZI\u00a0\u00bb font_container=\u00a0\u00bbtag:h5|font_size:36px|text_align:center|color:%231f1f1f|line_height:36px\u00a0\u00bb [&hellip;]<\/p>\n","protected":false},"author":1,"featured_media":0,"parent":0,"menu_order":0,"comment_status":"open","ping_status":"open","template":"","meta":{"_monsterinsights_skip_tracking":false,"_monsterinsights_sitenote_active":false,"_monsterinsights_sitenote_note":"","_monsterinsights_sitenote_category":0,"_uf_show_specific_survey":0,"_uf_disable_surveys":false,"footnotes":""},"class_list":["post-4832","page","type-page","status-publish","hentry"],"aioseo_notices":[],"_links":{"self":[{"href":"https:\/\/mazzika-orchestra.com\/fr\/wp-json\/wp\/v2\/pages\/4832","targetHints":{"allow":["GET"]}}],"collection":[{"href":"https:\/\/mazzika-orchestra.com\/fr\/wp-json\/wp\/v2\/pages"}],"about":[{"href":"https:\/\/mazzika-orchestra.com\/fr\/wp-json\/wp\/v2\/types\/page"}],"author":[{"embeddable":true,"href":"https:\/\/mazzika-orchestra.com\/fr\/wp-json\/wp\/v2\/users\/1"}],"replies":[{"embeddable":true,"href":"https:\/\/mazzika-orchestra.com\/fr\/wp-json\/wp\/v2\/comments?post=4832"}],"version-history":[{"count":9,"href":"https:\/\/mazzika-orchestra.com\/fr\/wp-json\/wp\/v2\/pages\/4832\/revisions"}],"predecessor-version":[{"id":5341,"href":"https:\/\/mazzika-orchestra.com\/fr\/wp-json\/wp\/v2\/pages\/4832\/revisions\/5341"}],"wp:attachment":[{"href":"https:\/\/mazzika-orchestra.com\/fr\/wp-json\/wp\/v2\/media?parent=4832"}],"curies":[{"name":"wp","href":"https:\/\/api.w.org\/{rel}","templated":true}]}}